{"id":242,"date":"2025-08-25T16:00:15","date_gmt":"2025-08-25T16:00:15","guid":{"rendered":"https:\/\/spago.se\/?page_id=242"},"modified":"2025-08-25T16:00:35","modified_gmt":"2025-08-25T16:00:35","slug":"stora-sallskap","status":"publish","type":"page","link":"https:\/\/spago.se\/en\/stora-sallskap\/","title":{"rendered":"Stora s\u00e4llskap"},"content":{"rendered":"<div data-elementor-type=\"wp-post\" data-elementor-id=\"242\" class=\"elementor elementor-242\" data-elementor-post-type=\"page\">\n\t\t\t\t<div class=\"elementor-element elementor-element-e7077fe e-flex e-con-boxed e-con e-parent\" data-id=\"e7077fe\" data-element_type=\"container\" data-e-type=\"container\" data-settings=\"{&quot;background_background&quot;:&quot;classic&quot;}\">\n\t\t\t\t\t<div class=\"e-con-inner\">\n\t\t\t\t<div class=\"elementor-element elementor-element-f96c5f6 elementor-widget elementor-widget-heading\" data-id=\"f96c5f6\" data-element_type=\"widget\" data-e-type=\"widget\" data-widget_type=\"heading.default\">\n\t\t\t\t<div class=\"elementor-widget-container\">\n\t\t\t\t\t<h2 class=\"elementor-heading-title elementor-size-default\">Stora s\u00e4llskap<\/h2>\t\t\t\t<\/div>\n\t\t\t\t<\/div>\n\t\t\t\t\t<\/div>\n\t\t\t\t<\/div>\n\t\t<div class=\"elementor-element elementor-element-ddb8f27 e-flex e-con-boxed e-con e-parent\" data-id=\"ddb8f27\" data-element_type=\"container\" data-e-type=\"container\" data-settings=\"{&quot;background_background&quot;:&quot;slideshow&quot;,&quot;background_slideshow_gallery&quot;:[{&quot;id&quot;:111,&quot;url&quot;:&quot;https:\\\/\\\/spago.se\\\/wp-content\\\/uploads\\\/2025\\\/08\\\/A7400868-scaled.jpg&quot;},{&quot;id&quot;:110,&quot;url&quot;:&quot;https:\\\/\\\/spago.se\\\/wp-content\\\/uploads\\\/2025\\\/08\\\/A7400842-scaled.jpg&quot;},{&quot;id&quot;:112,&quot;url&quot;:&quot;https:\\\/\\\/spago.se\\\/wp-content\\\/uploads\\\/2025\\\/08\\\/A7400873-scaled.jpg&quot;}],&quot;background_slideshow_loop&quot;:&quot;yes&quot;,&quot;background_slideshow_slide_duration&quot;:5000,&quot;background_slideshow_slide_transition&quot;:&quot;fade&quot;,&quot;background_slideshow_transition_duration&quot;:500}\">\n\t\t\t\t\t<div class=\"e-con-inner\">\n\t\t<div class=\"elementor-element elementor-element-e933af0 e-con-full e-flex e-con e-child\" data-id=\"e933af0\" data-element_type=\"container\" data-e-type=\"container\">\n\t\t<div class=\"elementor-element elementor-element-ff367f9 e-con-full e-flex e-con e-child\" data-id=\"ff367f9\" data-element_type=\"container\" data-e-type=\"container\">\n\t\t\t\t<div class=\"elementor-element elementor-element-d4f7378 elementor-widget elementor-widget-heading\" data-id=\"d4f7378\" data-element_type=\"widget\" data-e-type=\"widget\" data-widget_type=\"heading.default\">\n\t\t\t\t<div class=\"elementor-widget-container\">\n\t\t\t\t\t<h2 class=\"elementor-heading-title elementor-size-default\">Welcome to Spago \u2013 right on G\u00f6tgatspuckeln, S\u00f6dermalm.<\/h2>\t\t\t\t<\/div>\n\t\t\t\t<\/div>\n\t\t\t\t<div class=\"elementor-element elementor-element-0db21e4 elementor-widget elementor-widget-text-editor\" data-id=\"0db21e4\" data-element_type=\"widget\" data-e-type=\"widget\" data-widget_type=\"text-editor.default\">\n\t\t\t\t<div class=\"elementor-widget-container\">\n\t\t\t\t\t\t\t\t\t<p dir=\"ltr\">Closest subway: Slussen, G\u00f6tgatan exit.<br \/>At Spago Cucina Italiana, taste and experience take center stage. Here, you are greeted by simple elegance,<br \/>fresh ingredients, and genuine Italian culinary joy.<br \/>Try our fettuccine with veal and truffle, something from the grill \u2013 and finish with tiramisu or panna cotta.<br \/>or a refreshing lemon sorbet.<\/p><p>Here at Spago Cucina Italiana, it\u2019s all about simplicity, elegance, and flavor. We work with fresh, carefully selected ingredients to create outstanding dishes \u2013 from rich fettuccine with veal and truffle to tempting options from the grill. And for dessert, perhaps a classic tiramisu, panna cotta, or refreshing lemon sorbet will tempt you?<\/p>\t\t\t\t\t\t\t\t<\/div>\n\t\t\t\t<\/div>\n\t\t\t\t<\/div>\n\t\t\t\t<\/div>\n\t\t\t\t\t<\/div>\n\t\t\t\t<\/div>\n\t\t\t\t<\/div>","protected":false},"excerpt":{"rendered":"<p>Stora s\u00e4llskap V\u00e4lkommen till Spago \u2013 mitt p\u00e5 G\u00f6tgatspuckeln, S\u00f6dermalm. N\u00e4rmsta Tbana: Slussen, uppg\u00e5ng G\u00f6tgatan.Hos\u00a0Spago Cucina Italiana\u00a0st\u00e5r smak och upplevelse i centrum. H\u00e4r m\u00f6ts du av enkel elegans,f\u00e4rska r\u00e5varor och genuin italiensk matgl\u00e4dje.Prova v\u00e5r fettuccine med kalv och tryffel, n\u00e5got fr\u00e5n grillen \u2013 och avsluta med tiramisu, pannacottaeller frisk citronsorbet. Hos oss p\u00e5 Spago Cucina [&hellip;]<\/p>","protected":false},"author":1,"featured_media":0,"parent":0,"menu_order":0,"comment_status":"closed","ping_status":"closed","template":"","meta":{"footnotes":""},"class_list":["post-242","page","type-page","status-publish","hentry"],"_links":{"self":[{"href":"https:\/\/spago.se\/en\/wp-json\/wp\/v2\/pages\/242","targetHints":{"allow":["GET"]}}],"collection":[{"href":"https:\/\/spago.se\/en\/wp-json\/wp\/v2\/pages"}],"about":[{"href":"https:\/\/spago.se\/en\/wp-json\/wp\/v2\/types\/page"}],"author":[{"embeddable":true,"href":"https:\/\/spago.se\/en\/wp-json\/wp\/v2\/users\/1"}],"replies":[{"embeddable":true,"href":"https:\/\/spago.se\/en\/wp-json\/wp\/v2\/comments?post=242"}],"version-history":[{"count":4,"href":"https:\/\/spago.se\/en\/wp-json\/wp\/v2\/pages\/242\/revisions"}],"predecessor-version":[{"id":246,"href":"https:\/\/spago.se\/en\/wp-json\/wp\/v2\/pages\/242\/revisions\/246"}],"wp:attachment":[{"href":"https:\/\/spago.se\/en\/wp-json\/wp\/v2\/media?parent=242"}],"curies":[{"name":"wp","href":"https:\/\/api.w.org\/{rel}","templated":true}]}}